{"id":735,"date":"2014-12-12T17:57:02","date_gmt":"2014-12-12T17:57:02","guid":{"rendered":"https:\/\/calpallerola.cat\/?page_id=735"},"modified":"2020-09-18T10:35:32","modified_gmt":"2020-09-18T08:35:32","slug":"descripcio","status":"publish","type":"page","link":"https:\/\/calpallerola.cat\/fr\/descripcio\/","title":{"rendered":"DESCRIPTION"},"content":{"rendered":"<div class=\"wpb-content-wrapper\">[vc_row][vc_column][vc_column_text]\n\t\t\t<!-- START slider principal REVOLUTION SLIDER 6.7.15 --><p class=\"rs-p-wp-fix\"><\/p>\n\t\t\t<rs-module-wrap id=\"rev_slider_1_1_wrapper\" data-source=\"gallery\" style=\"visibility:hidden;background:#ffffff;padding:10;margin:0px auto;margin-top:0;margin-bottom:0;\">\n\t\t\t\t<rs-module id=\"rev_slider_1_1\" style=\"\" data-version=\"6.7.15\">\n\t\t\t\t\t<rs-slides style=\"overflow: hidden; position: absolute;\">\n\t\t\t\t\t\t<rs-slide style=\"position: absolute;\" data-key=\"rs-1\" data-title=\"Slide\" data-anim=\"d:20;ms:1210;\" data-in=\"prst:rndany;o:0;y:ran(-200|200);sx:2;sy:2;e:power3.Out;row:10;col:100;\" data-d3=\"f:cube;d:vertical;z:450;t:20;su:true;sc:#9e9e9e;\">\n\t\t\t\t\t\t\t<img decoding=\"async\" src=\"\/\/calpallerola.cat\/wp-content\/plugins\/revslider\/sr6\/assets\/assets\/dummy.png\" alt=\"\" title=\"slider7b\" width=\"1140\" height=\"500\" class=\"rev-slidebg tp-rs-img rs-lazyload\" data-lazyload=\"\/\/calpallerola.cat\/wp-content\/uploads\/2020\/10\/slider7b.jpg\" data-bg=\"p:center bottom;\" data-no-retina>\n<!---->\t\t\t\t\t<\/rs-slide>\n\t\t\t\t\t\t<rs-slide style=\"position: absolute;\" data-key=\"rs-2\" data-title=\"Slide\" data-anim=\"adpr:false;\">\n\t\t\t\t\t\t\t<img decoding=\"async\" src=\"\/\/calpallerola.cat\/wp-content\/plugins\/revslider\/sr6\/assets\/assets\/dummy.png\" alt=\"\" title=\"DESCRIPTION\" class=\"rev-slidebg tp-rs-img rs-lazyload\" data-lazyload=\"\/\/calpallerola.cat\/wp-content\/uploads\/2014\/12\/slider2.jpg\" data-no-retina>\n<!---->\t\t\t\t\t<\/rs-slide>\n\t\t\t\t\t\t<rs-slide style=\"position: absolute;\" data-key=\"rs-3\" data-title=\"Slide\" data-anim=\"d:35;ms:2000;f:edges;\" data-in=\"prst:rndany;y:cyc(100%|-100%);m:true;col:8;\" data-d3=\"f:cube;z:450;t:20;su:true;sc:#9e9e9e;\">\n\t\t\t\t\t\t\t<img decoding=\"async\" src=\"\/\/calpallerola.cat\/wp-content\/plugins\/revslider\/sr6\/assets\/assets\/dummy.png\" alt=\"\" title=\"DESCRIPTION\" class=\"rev-slidebg tp-rs-img rs-lazyload\" data-lazyload=\"\/\/calpallerola.cat\/wp-content\/uploads\/2014\/12\/slider6.jpg\" data-bg=\"p:center top;\" data-no-retina>\n<!---->\t\t\t\t\t<\/rs-slide>\n\t\t\t\t\t\t<rs-slide style=\"position: absolute;\" data-key=\"rs-4\" data-title=\"Slide\" data-anim=\"d:15;ms:1000;f:center;\" data-in=\"prst:rndany;o:0;x:ran(-20|20);y:ran(-20|20);r:ran(-40|40);sx:2;sy:2;e:bounce.in;row:20;col:20;\" data-out=\"a:false;\">\n\t\t\t\t\t\t\t<img decoding=\"async\" src=\"\/\/calpallerola.cat\/wp-content\/plugins\/revslider\/sr6\/assets\/assets\/dummy.png\" alt=\"\" title=\"DESCRIPTION\" class=\"rev-slidebg tp-rs-img rs-lazyload\" data-lazyload=\"\/\/calpallerola.cat\/wp-content\/uploads\/2014\/12\/slider5.jpg\" data-bg=\"p:center top;\" data-no-retina>\n<!---->\t\t\t\t\t<\/rs-slide>\n\t\t\t\t\t\t<rs-slide style=\"position: absolute;\" data-key=\"rs-21\" data-title=\"Slide\" data-filter=\"e:late2;b:4;\" data-in=\"prst:rndany;o:0;sx:1.02;sy:1.02;e:power1.in;\">\n\t\t\t\t\t\t\t<img decoding=\"async\" src=\"\/\/calpallerola.cat\/wp-content\/plugins\/revslider\/sr6\/assets\/assets\/dummy.png\" alt=\"\" title=\"slider6\" width=\"1140\" height=\"500\" class=\"rev-slidebg tp-rs-img rs-lazyload\" data-lazyload=\"\/\/calpallerola.cat\/wp-content\/uploads\/2020\/09\/slider6.jpg\" data-no-retina>\n<!---->\t\t\t\t\t<\/rs-slide>\n\t\t\t\t\t\t<rs-slide style=\"position: absolute;\" data-key=\"rs-16\" data-title=\"Slide\" data-anim=\"e:slidingoverlay;ms:2000;\" data-in=\"prst:rndany;x:(100%);\">\n\t\t\t\t\t\t\t<img decoding=\"async\" src=\"\/\/calpallerola.cat\/wp-content\/plugins\/revslider\/sr6\/assets\/assets\/dummy.png\" alt=\"\" title=\"DESCRIPTION\" class=\"rev-slidebg tp-rs-img rs-lazyload\" data-lazyload=\"\/\/calpallerola.cat\/wp-content\/uploads\/2014\/12\/slider7.jpg\" data-bg=\"p:center top;\" data-no-retina>\n<!---->\t\t\t\t\t<\/rs-slide>\n\t\t\t\t\t<\/rs-slides>\n\t\t\t\t<\/rs-module>\n\t\t\t\t<script>\n\t\t\t\t\tsetREVStartSize({c: 'rev_slider_1_1',rl:[1240,1024,778,480],el:[400],gw:[1140],gh:[400],type:'standard',justify:'',layout:'fullwidth',mh:\"400\"});if (window.RS_MODULES!==undefined && window.RS_MODULES.modules!==undefined && window.RS_MODULES.modules[\"revslider11\"]!==undefined) {window.RS_MODULES.modules[\"revslider11\"].once = false;window.revapi1 = undefined;if (window.RS_MODULES.checkMinimal!==undefined) window.RS_MODULES.checkMinimal()}\n\t\t\t\t<\/script>\n\t\t\t<\/rs-module-wrap>\n\t\t\t<!-- END REVOLUTION SLIDER -->\n[\/vc_column_text][\/vc_column][\/vc_row][vc_row][vc_column width=\u00a0\u00bb1\/2&Prime;][vc_column_text]\n<blockquote>\n<h1>Cal Pallerola se dresse sur une \u00e9norme roche offrant une vue magnifique sur les pr\u00e9s bordant la rivi\u00e8re de Lavansa, et la montagne couverte de pins et ch\u00eanes.<\/h1>\n<\/blockquote>\n<p style=\"text-align: justify;\">La maison nous accueille avec l\u2019aire et les anciennes granges transform\u00e9es en deux espaces: l\u2019un pour se d\u00e9tendre, se bronzer ou jouer le tennis de table, et l\u2019autre est maintenant une cuisine d\u2019\u00e9t\u00e9 compl\u00e8te avec barbecue et l\u2019espace pour prendre les repas avec des belles vues. Et en plus le \u201cConiller\u201d, le clapier: l\u00e0 o\u00f9 il y avait les lapins les enfants grimpent dans la cabane, les parents peuvent les surveiller de la terrasse, en se reposant sur le canap\u00e9.<\/p>\n<p style=\"text-align: justify;\">La Verneda, pour deux ou trois familles, est la base de cal Pallerola, qui nous invite avec la grande salle de s\u00e9jour, la table catalane et l'\u00a0\u00bbeixida\u00a0\u00bb, le balcon avec le m\u00eame banc o\u00f9 des g\u00e9n\u00e9rations ont connu des moments de conversation ou le silence en contemplant les prairies et les peupliers.<\/p>\n<p>Le pass\u00e9 nous attrape quand nous voyons l&rsquo;ancien four, o\u00f9 il y a maintenant la cuisine, et le p\u00e9trin o\u00f9 on travaillait le pain.<\/p>\n<p>La Verneda dispose de trois chambres: une double et deux triples, dont l&rsquo;une \u00e9tait l&rsquo;ancien cellier. Chacune avec son identit\u00e9.<\/p>\n<p>La Serra, avec entr\u00e9e s\u00e9par\u00e9e \u00e0 l&rsquo;est, nous \u00e9l\u00e8ve vers la partie haute de la maison et nous offre une vue privil\u00e9gi\u00e9e: les pr\u00e9s s&rsquo;\u00e9tendent sous nos yeux bord\u00e9s de peupliers. Une salle \u00e0 manger-cuisine spacieuse avec chemin\u00e9e, une chambre simple et deux chambres doubles peuvent accueillir confortablemet une famille. Le plancher en bois chauffe les murs en pierre.<\/p>\n<p>L&rsquo;environnement est, dans l&rsquo;hameau de Montergull, un endroit id\u00e9al pour la marche, la course ou le v\u00e9lo. La rivi\u00e8re est tout aupr\u00e8s de nous, et la for\u00eat est juste \u00e0 l&rsquo;autre c\u00f4t\u00e9 de la rivi\u00e8re. Sur le c\u00f4t\u00e9 nord de la vall\u00e9e, \u00e0 travers la ch\u00eanaie, il y a le court chemin \u00e0 Sant Jaume, une chapelle romane.<\/p>\n[\/vc_column_text][\/vc_column][vc_column width=\u00a0\u00bb1\/2&Prime;][vc_single_image image=\u00a0\u00bb534&Prime; img_size=\u00a0\u00bb570&#215;400&Prime; alignment=\u00a0\u00bbcenter\u00a0\u00bb][vc_single_image image=\u00a0\u00bb352&Prime; img_size=\u00a0\u00bb570&#215;400&Prime;][\/vc_column][\/vc_row]\n<\/div>","protected":false},"excerpt":{"rendered":"<p>[vc_row][vc_column][vc_column_text][\/vc_column_text][\/vc_column][\/vc_row][vc_row][vc_column width=\u00a0\u00bb1\/2&Prime;][vc_column_text] Cal Pallerola se dresse sur une \u00e9norme roche offrant une vue magnifique sur les pr\u00e9s bordant la rivi\u00e8re [&hellip;]<\/p>\n","protected":false},"author":1,"featured_media":0,"parent":0,"menu_order":2,"comment_status":"open","ping_status":"closed","template":"","meta":{"jetpack_post_was_ever_published":false,"footnotes":""},"class_list":["post-735","page","type-page","status-publish","hentry"],"jetpack_sharing_enabled":true,"_links":{"self":[{"href":"https:\/\/calpallerola.cat\/fr\/wp-json\/wp\/v2\/pages\/735","targetHints":{"allow":["GET"]}}],"collection":[{"href":"https:\/\/calpallerola.cat\/fr\/wp-json\/wp\/v2\/pages"}],"about":[{"href":"https:\/\/calpallerola.cat\/fr\/wp-json\/wp\/v2\/types\/page"}],"author":[{"embeddable":true,"href":"https:\/\/calpallerola.cat\/fr\/wp-json\/wp\/v2\/users\/1"}],"replies":[{"embeddable":true,"href":"https:\/\/calpallerola.cat\/fr\/wp-json\/wp\/v2\/comments?post=735"}],"version-history":[{"count":5,"href":"https:\/\/calpallerola.cat\/fr\/wp-json\/wp\/v2\/pages\/735\/revisions"}],"predecessor-version":[{"id":992,"href":"https:\/\/calpallerola.cat\/fr\/wp-json\/wp\/v2\/pages\/735\/revisions\/992"}],"wp:attachment":[{"href":"https:\/\/calpallerola.cat\/fr\/wp-json\/wp\/v2\/media?parent=735"}],"curies":[{"name":"wp","href":"https:\/\/api.w.org\/{rel}","templated":true}]}}