{"id":704,"date":"2014-12-12T18:10:45","date_gmt":"2014-12-12T18:10:45","guid":{"rendered":"https:\/\/calpallerola.cat\/?page_id=704"},"modified":"2014-12-23T13:14:33","modified_gmt":"2014-12-23T13:14:33","slug":"que-fer","status":"publish","type":"page","link":"https:\/\/calpallerola.cat\/fr\/que-fer\/","title":{"rendered":"QU&rsquo;EST-CE QU&rsquo;ON FAIT"},"content":{"rendered":"<div class=\"wpb-content-wrapper\">[vc_row][vc_column width=\u00a0\u00bb1\/3&Prime;]<div class=\"shortcode-wrapper shortcode-icon-column clearfix\"><div class=\"feature-box standard-icon-box alignleft\"><div class=\"feature-box-content\"><h4 class=\"bold\"><i class=\"hb-moon-star-3 title-icon\"><\/i>Tout au long de l'ann\u00e9e, on peut<\/h4><\/div><\/div><\/div>[vc_images_carousel images=\u00a0\u00bb384,385,386&Prime; onclick=\u00a0\u00bblink_no\u00a0\u00bb custom_links_target=\u00a0\u00bb_self\u00a0\u00bb mode=\u00a0\u00bbhorizontal\u00a0\u00bb speed=\u00a0\u00bb5000&Prime; slides_per_view=\u00a0\u00bb1&Prime; img_size=\u00a0\u00bb345&#215;300&Prime; autoplay=\u00a0\u00bbyes\u00a0\u00bb wrap=\u00a0\u00bbyes\u00a0\u00bb][vc_column_text css=\u00a0\u00bb.vc_custom_1419340409263{padding-top: 10px !important;padding-right: 10px !important;padding-bottom: 10px !important;padding-left: 10px !important;background-color: #edede8 !important;}\u00a0\u00bb]\n<ul>\n<li>Randonner sur les sentiers de la vall\u00e9e<\/li>\n<li>Visitez chapelles romanes avec retables gothiques<\/li>\n<li>Routes en v\u00e9lo de montagne<\/li>\n<li>Visiter le \u00ab\u00a0Museu de les Trementinaires\u00a0\u00bb \u00e0 Tuixent<\/li>\n<li>Visiter les villages de la vall\u00e9e: Ossera, Josa del Cad\u00ed, Tuixent, F\u00f3rnols<\/li>\n<\/ul>\n[\/vc_column_text][\/vc_column][vc_column width=\u00a0\u00bb1\/3&Prime;]<div class=\"shortcode-wrapper shortcode-icon-column clearfix\"><div class=\"feature-box standard-icon-box alignleft\"><div class=\"feature-box-content\"><h4 class=\"bold\"><i class=\"hb-moon-sun-2 title-icon\"><\/i>Au printemps et en \u00e9t\u00e9 <\/h4><\/div><\/div><\/div>[vc_images_carousel images=\u00a0\u00bb388,389,390&Prime; onclick=\u00a0\u00bblink_no\u00a0\u00bb custom_links_target=\u00a0\u00bb_self\u00a0\u00bb mode=\u00a0\u00bbhorizontal\u00a0\u00bb speed=\u00a0\u00bb5000&Prime; slides_per_view=\u00a0\u00bb1&Prime; img_size=\u00a0\u00bb345&#215;300&Prime; autoplay=\u00a0\u00bbyes\u00a0\u00bb wrap=\u00a0\u00bbyes\u00a0\u00bb][vc_column_text css=\u00a0\u00bb.vc_custom_1419340443648{padding-top: 10px !important;padding-right: 10px !important;padding-bottom: 10px !important;padding-left: 10px !important;background-color: #edede8 !important;}\u00a0\u00bb]\n<ul>\n<li>F\u00eate des Trementinaires en mai<\/li>\n<li>Profitez des sentiers en fleur au printemps<\/li>\n<li>Alpinisme: monter au Cad\u00ed pour essayer de voir des chamois, monter la Tossa Pelada<\/li>\n<li>Canyoning dans la rivi\u00e8re de Lavansa<\/li>\n<li>Chercher des champignons au printemps dans nos for\u00eats<\/li>\n<li>P\u00eache dans la rivi\u00e8re de Lavansa<\/li>\n<li>Courses de montagne: Vertical Larp et course d&rsquo;Ossera en \u00e9t\u00e9<\/li>\n<li>Cona\u00eetre la flore du Parc au Centre de Flora PN Cad\u00ed- Moixer\u00f3, \u00e0 Tuixent<\/li>\n<li>Participer en des cours de fabrication les savons, confitures, de fromage ou des herbes donn\u00e9s par les artisans<\/li>\n<\/ul>\n[\/vc_column_text][\/vc_column][vc_column width=\u00a0\u00bb1\/3&Prime;]<div class=\"shortcode-wrapper shortcode-icon-column clearfix\"><div class=\"feature-box standard-icon-box alignleft\"><div class=\"feature-box-content\"><h4 class=\"bold\"><i class=\"hb-moon-leaf title-icon\"><\/i>En automne et en hiver <\/h4><\/div><\/div><\/div>[vc_images_carousel images=\u00a0\u00bb352,345&Prime; onclick=\u00a0\u00bblink_image\u00a0\u00bb custom_links_target=\u00a0\u00bb_self\u00a0\u00bb mode=\u00a0\u00bbhorizontal\u00a0\u00bb speed=\u00a0\u00bb5000&Prime; slides_per_view=\u00a0\u00bb1&Prime; img_size=\u00a0\u00bb345&#215;300&Prime; autoplay=\u00a0\u00bbyes\u00a0\u00bb wrap=\u00a0\u00bbyes\u00a0\u00bb][vc_column_text css=\u00a0\u00bb.vc_custom_1419340470433{padding-top: 10px !important;padding-right: 10px !important;padding-bottom: 10px !important;padding-left: 10px !important;background-color: #edede8 !important;}\u00a0\u00bb]\n<ul>\n<li>Champignons dans les pin\u00e8des en automne<\/li>\n<li>Ski nordique et raquettes dans la station de Tuixent-Lavansa, ski alpin dans la station de Port del Compte<\/li>\n<li>Foire de la Vall\u00e9e pour la f\u00eate de l&rsquo;Immacul\u00e9e<\/li>\n<li>Savourez la gastronomie du pays dans un des accueillants restaurants de la vall\u00e9e<\/li>\n<\/ul>\n[\/vc_column_text][\/vc_column][\/vc_row]\n<\/div>","protected":false},"excerpt":{"rendered":"<p>[vc_row][vc_column width=\u00a0\u00bb1\/3&Prime;][vc_images_carousel images=\u00a0\u00bb384,385,386&Prime; onclick=\u00a0\u00bblink_no\u00a0\u00bb custom_links_target=\u00a0\u00bb_self\u00a0\u00bb mode=\u00a0\u00bbhorizontal\u00a0\u00bb speed=\u00a0\u00bb5000&Prime; slides_per_view=\u00a0\u00bb1&Prime; img_size=\u00a0\u00bb345&#215;300&Prime; autoplay=\u00a0\u00bbyes\u00a0\u00bb wrap=\u00a0\u00bbyes\u00a0\u00bb][vc_column_text css=\u00a0\u00bb.vc_custom_1419340409263{padding-top: 10px !important;padding-right: 10px !important;padding-bottom: 10px !important;padding-left: 10px !important;background-color: [&hellip;]<\/p>\n","protected":false},"author":1,"featured_media":0,"parent":0,"menu_order":4,"comment_status":"open","ping_status":"closed","template":"","meta":{"jetpack_post_was_ever_published":false,"footnotes":""},"class_list":["post-704","page","type-page","status-publish","hentry"],"jetpack_sharing_enabled":true,"_links":{"self":[{"href":"https:\/\/calpallerola.cat\/fr\/wp-json\/wp\/v2\/pages\/704","targetHints":{"allow":["GET"]}}],"collection":[{"href":"https:\/\/calpallerola.cat\/fr\/wp-json\/wp\/v2\/pages"}],"about":[{"href":"https:\/\/calpallerola.cat\/fr\/wp-json\/wp\/v2\/types\/page"}],"author":[{"embeddable":true,"href":"https:\/\/calpallerola.cat\/fr\/wp-json\/wp\/v2\/users\/1"}],"replies":[{"embeddable":true,"href":"https:\/\/calpallerola.cat\/fr\/wp-json\/wp\/v2\/comments?post=704"}],"version-history":[{"count":4,"href":"https:\/\/calpallerola.cat\/fr\/wp-json\/wp\/v2\/pages\/704\/revisions"}],"predecessor-version":[{"id":708,"href":"https:\/\/calpallerola.cat\/fr\/wp-json\/wp\/v2\/pages\/704\/revisions\/708"}],"wp:attachment":[{"href":"https:\/\/calpallerola.cat\/fr\/wp-json\/wp\/v2\/media?parent=704"}],"curies":[{"name":"wp","href":"https:\/\/api.w.org\/{rel}","templated":true}]}}