{"id":677,"date":"2014-12-15T15:22:46","date_gmt":"2014-12-15T15:22:46","guid":{"rendered":"https:\/\/calpallerola.cat\/?page_id=677"},"modified":"2014-12-23T12:56:08","modified_gmt":"2014-12-23T12:56:08","slug":"per-coneixer-mes-la-vall","status":"publish","type":"page","link":"https:\/\/calpallerola.cat\/es\/entorn-i-activitats\/per-coneixer-mes-la-vall\/","title":{"rendered":"Para conocer m\u00e1s el valle"},"content":{"rendered":"<div class=\"wpb-content-wrapper\">[vc_row][vc_column width=\u00bb1\/1&#8243;][vc_column_text]\n<h5><span style=\"color: #1b372e;\"><strong>Para conocer m\u00e1s el valle<\/strong><\/span><\/h5>\n\n\t\t\t<!-- START SliderVall REVOLUTION SLIDER 6.7.15 --><p class=\"rs-p-wp-fix\"><\/p>\n\t\t\t<rs-module-wrap id=\"rev_slider_3_1_wrapper\" data-source=\"gallery\" style=\"visibility:hidden;background:#ffffff;padding:10;margin:0px auto;margin-top:0;margin-bottom:0;\">\n\t\t\t\t<rs-module id=\"rev_slider_3_1\" style=\"\" data-version=\"6.7.15\">\n\t\t\t\t\t<rs-slides style=\"overflow: hidden; position: absolute;\">\n\t\t\t\t\t\t<rs-slide style=\"position: absolute;\" data-key=\"rs-10\" data-title=\"Slide\" data-anim=\"ms:2000;\" data-in=\"prst:rndany;o:0;\" data-out=\"a:false;\" data-d3=\"f:cube;d:vertical;z:600;t:40;su:true;\">\n\t\t\t\t\t\t\t<img decoding=\"async\" src=\"\/\/calpallerola.cat\/wp-content\/plugins\/revslider\/sr6\/assets\/assets\/dummy.png\" alt=\"\" title=\"Para conocer m\u00e1s el valle\" class=\"rev-slidebg tp-rs-img rs-lazyload\" data-lazyload=\"\/\/calpallerola.cat\/wp-content\/uploads\/2014\/12\/slider-coneixer-la-vall-3.jpg\" data-bg=\"p:center top;\" data-no-retina>\n<!---->\t\t\t\t\t<\/rs-slide>\n\t\t\t\t\t\t<rs-slide style=\"position: absolute;\" data-key=\"rs-11\" data-title=\"Slide\" data-anim=\"d:80;ms:2000;f:center;\" data-filter=\"e:late2;b:3;\" data-in=\"prst:rndany;o:0;x:cyc(-100%|0|100%);sx:cyc(1|0|1);sy:cyc(1|0|1);col:3;\" data-d3=\"f:fly;z:450;t:20;su:true;sc:#9e9e9e;\">\n\t\t\t\t\t\t\t<img decoding=\"async\" src=\"\/\/calpallerola.cat\/wp-content\/plugins\/revslider\/sr6\/assets\/assets\/dummy.png\" alt=\"\" title=\"Para conocer m\u00e1s el valle\" class=\"rev-slidebg tp-rs-img rs-lazyload\" data-lazyload=\"\/\/calpallerola.cat\/wp-content\/uploads\/2014\/12\/slider-coneixer-la-vall-2.jpg\" data-bg=\"p:center top;\" data-no-retina>\n<!---->\t\t\t\t\t<\/rs-slide>\n\t\t\t\t\t\t<rs-slide style=\"position: absolute;\" data-key=\"rs-12\" data-title=\"Slide\" data-anim=\"ms:1500;f:nodelay;o:outin;\" data-in=\"prst:rndany;x:(15%);y:(-10%);r:20;sx:0.7;sy:0.7;e:power2.out;\" data-out=\"x:cyc((60%)|(130%));y:cyc(-90%|170%);r:cyc((-30)|(60));sx:1.3;sy:1.2;row:2;\">\n\t\t\t\t\t\t\t<img decoding=\"async\" src=\"\/\/calpallerola.cat\/wp-content\/plugins\/revslider\/sr6\/assets\/assets\/dummy.png\" alt=\"\" title=\"Para conocer m\u00e1s el valle\" class=\"rev-slidebg tp-rs-img rs-lazyload\" data-lazyload=\"\/\/calpallerola.cat\/wp-content\/uploads\/2014\/12\/slider-coneixer-la-vall-1.jpg\" data-bg=\"p:center top;\" data-no-retina>\n<!---->\t\t\t\t\t<\/rs-slide>\n\t\t\t\t\t\t<rs-slide style=\"position: absolute;\" data-key=\"rs-14\" data-title=\"Slide\" data-filter=\"e:late2;s:100;\" data-in=\"prst:rndany;o:0;e:power1.in;\">\n\t\t\t\t\t\t\t<img decoding=\"async\" src=\"\/\/calpallerola.cat\/wp-content\/plugins\/revslider\/sr6\/assets\/assets\/dummy.png\" alt=\"\" title=\"Para conocer m\u00e1s el valle\" class=\"rev-slidebg tp-rs-img rs-lazyload\" data-lazyload=\"\/\/calpallerola.cat\/wp-content\/uploads\/2014\/12\/slider-coneixer-la-vall-4.jpg\" data-bg=\"p:center top;\" data-no-retina>\n<!---->\t\t\t\t\t<\/rs-slide>\n\t\t\t\t\t\t<rs-slide style=\"position: absolute;\" data-key=\"rs-18\" data-title=\"Slide\" data-anim=\"d:20;p:dark;f:oppslidebased;\" data-in=\"prst:rndany;o:0;sx:1.1;sy:1.1;m:true;row:6;col:6;\" data-out=\"a:false;\">\n\t\t\t\t\t\t\t<img decoding=\"async\" src=\"\/\/calpallerola.cat\/wp-content\/plugins\/revslider\/sr6\/assets\/assets\/dummy.png\" alt=\"\" title=\"Para conocer m\u00e1s el valle\" class=\"rev-slidebg tp-rs-img rs-lazyload\" data-lazyload=\"\/\/calpallerola.cat\/wp-content\/uploads\/2014\/12\/slider-coneixer-la-vall-6.jpg\" data-bg=\"p:center top;\" data-no-retina>\n<!---->\t\t\t\t\t<\/rs-slide>\n\t\t\t\t\t\t<rs-slide style=\"position: absolute;\" data-key=\"rs-19\" data-title=\"Slide\" data-in=\"prst:rndany;o:0;x:100%;\" data-out=\"a:false;\">\n\t\t\t\t\t\t\t<img decoding=\"async\" src=\"\/\/calpallerola.cat\/wp-content\/plugins\/revslider\/sr6\/assets\/assets\/dummy.png\" alt=\"\" title=\"Para conocer m\u00e1s el valle\" class=\"rev-slidebg tp-rs-img rs-lazyload\" data-lazyload=\"\/\/calpallerola.cat\/wp-content\/uploads\/2014\/12\/slider-coneixer-la-vall-7.jpg\" data-bg=\"p:center top;\" data-no-retina>\n<!---->\t\t\t\t\t<\/rs-slide>\n\t\t\t\t\t\t<rs-slide style=\"position: absolute;\" data-key=\"rs-20\" data-title=\"Slide\" data-filter=\"e:late;s:50;\" data-in=\"prst:rndany;o:0;e:power1.in;\">\n\t\t\t\t\t\t\t<img decoding=\"async\" src=\"\/\/calpallerola.cat\/wp-content\/plugins\/revslider\/sr6\/assets\/assets\/dummy.png\" alt=\"\" title=\"Para conocer m\u00e1s el valle\" class=\"rev-slidebg tp-rs-img rs-lazyload\" data-lazyload=\"\/\/calpallerola.cat\/wp-content\/uploads\/2014\/12\/slider-coneixer-la-vall-8.jpg\" data-bg=\"p:center top;\" data-no-retina>\n<!---->\t\t\t\t\t<\/rs-slide>\n\t\t\t\t\t<\/rs-slides>\n\t\t\t\t<\/rs-module>\n\t\t\t\t<script>\n\t\t\t\t\tsetREVStartSize({c: 'rev_slider_3_1',rl:[1240,1024,778,480],el:[],gw:[1140],gh:[400],type:'standard',justify:'',layout:'fullwidth',mh:\"400\"});if (window.RS_MODULES!==undefined && window.RS_MODULES.modules!==undefined && window.RS_MODULES.modules[\"revslider31\"]!==undefined) {window.RS_MODULES.modules[\"revslider31\"].once = false;window.revapi3 = undefined;if (window.RS_MODULES.checkMinimal!==undefined) window.RS_MODULES.checkMinimal()}\n\t\t\t\t<\/script>\n\t\t\t<\/rs-module-wrap>\n\t\t\t<!-- END REVOLUTION SLIDER -->\n[\/vc_column_text][\/vc_column][\/vc_row][vc_row][vc_column width=\u00bb1\/2&#8243;][vc_column_text]\n<p style=\"text-align: justify;\">No debemos perdernos la aldea m\u00e1s carim\u00e1tica del valle: <strong>Ossera<\/strong>, con artesanos que hace a\u00f1os que cultivan su buen hacer elaborando deliciosos manjares: las mermeladas de N\u00faria, con uno de los mejores quesos de cabra del mundo, el Serrat Gros. Los ni\u00f1os ver\u00e1n las cabras muy de cerca. Artistas como Jaume y Nico nos mostrar\u00e1n sus pinturas y esculturas inspiradas por la altitud&#8230; y en la botica con mil olores de hierbas y flores nos impregnaremos del olor de la monta\u00f1a.<\/p>\n<p style=\"text-align: justify;\">Desde Ossera podemos hacer una <strong>vuelta circular <\/strong>muy asequible para toda la familia, que nos descubre las hierbas medicinales propias de Ossera.<\/p>\n<p style=\"text-align: justify;\">El punto de informaci\u00f3n de Lavansa, en Sorribes, es un magn\u00edfico <strong>mirador del valle<\/strong>, donde nos podemos orientar de las diferentes excursiones; de baja dificultad: Sant Juli\u00e0 dels Garrics, les masies, Ossera, o de m\u00e1s largas: la volta a Ossera, la volta a Sisquer y sant Juli\u00e0, ascenso a Larp, ascenso a F\u00f3rnols o hacia el Cad\u00ed.<\/p>\n<p style=\"text-align: justify;\">En el Mol\u00ed de F\u00f3rnols, a s\u00f3lo 3 km, encontramos piscina en verano, restaurante, parque para los ni\u00f1os y <strong>el Parc dels Moixons<\/strong>, un buen observatorio ornitol\u00f3gico<span style=\"line-height: 1.5;\">.\u00a0<\/span><a style=\"line-height: 1.5;\" href=\"http:\/\/www.elsmoixons.com\/\" target=\"_blank\">www.elsmoixons.com<\/a><\/p>\n<p style=\"text-align: justify;\">Tuixent es el pueblo a 8 km donde econtramos el Museu y el Jard\u00ed de les <strong>Trementinaires<\/strong>, el Centre de Flora del parc Natural Cad\u00ed-Moixer\u00f3, tienda y restaurantes.\u00a0<a href=\"http:\/\/www.trementinaires.org\/\" target=\"_blank\">www.trementinaires.org<\/a><\/p>\n[\/vc_column_text][\/vc_column][vc_column width=\u00bb1\/2&#8243;][vc_column_text]\n<p style=\"text-align: justify;\">Josa del Cad\u00ed nos encantar\u00e1 con su pasado de refugio c\u00e1taro. Majestuoso, guarda el vertiente sur del Cad\u00ed, no irse sin degustar la mejor cocina del Alt Urgell.<\/p>\n<p style=\"text-align: justify;\">En invierno, en la estaci\u00f3n de <strong>esqu\u00ed n\u00f3rdico<\/strong> Tuixent-Lavansa, podemos subir a la Tossa con <strong>raquetas<\/strong>, o esquiar en Prat Llong, en el otro lado de la monta\u00f1a, est\u00e1n las pistas de esqu\u00ed alpino de Port del Compte<span style=\"line-height: 1.5;\">.\u00a0<\/span><a style=\"line-height: 1.5;\" href=\"http:\/\/www.tuixent-lavansa.com\/\" target=\"_blank\">www.tuixent-lavansa.com<\/a><\/p>\n<p style=\"text-align: justify;\">Pero lo m\u00e1s preciado del valle est\u00e1 escondido dentro de las ermitas: el retablo de Sant juli\u00e0 y el de Sant Mart\u00ed, en Ossera, son <strong>retablos g\u00f3ticos <\/strong>encontrados en estas ermitas y restaurados hace pocos a\u00f1os, nos sorprender\u00e1 encontrarlos en este valle.<\/p>\n<p style=\"text-align: justify;\">Y lo m\u00e1s importante: disfrutar de la <strong>cocina de monta\u00f1a<\/strong> en los restuarantes de todo el valle.<\/p>\n<p style=\"text-align: justify;\"><strong>Si no tenemos suficiente&#8230;<\/strong><\/p>\n<p style=\"text-align: justify;\"><strong>G\u00f3sol<\/strong>, cerca del Pedraforca y pueblo picasiano, y <strong>Sant Lloren\u00e7 de Morunys<\/strong>, donde practicar canoas en la Llosa del Cavall, nos quedan a una media hora<span style=\"line-height: 1.5;\">.\u00a0<\/span><a style=\"line-height: 1.5;\" href=\"http:\/\/www.kayakk1.es\/\" target=\"_blank\">www.kayakk1.es<\/a><\/p>\n<p style=\"text-align: justify;\"><strong>La Seu d&#8217;Urgell<\/strong>, capital prepirenaica,con el casco antiguo y su majestuosa catedral rom\u00e1nica, el Parc del Segre, mercado tradicional y el Passeig a la sombra, a 30km.<\/p>\n[\/vc_column_text][\/vc_column][\/vc_row]\n<\/div>","protected":false},"excerpt":{"rendered":"<p>[vc_row][vc_column width=\u00bb1\/1&#8243;][vc_column_text] Para conocer m\u00e1s el valle [\/vc_column_text][\/vc_column][\/vc_row][vc_row][vc_column width=\u00bb1\/2&#8243;][vc_column_text] No debemos perdernos la aldea m\u00e1s carim\u00e1tica del valle: Ossera, con [&hellip;]<\/p>\n","protected":false},"author":1,"featured_media":0,"parent":647,"menu_order":7,"comment_status":"open","ping_status":"closed","template":"","meta":{"jetpack_post_was_ever_published":false,"footnotes":""},"class_list":["post-677","page","type-page","status-publish","hentry"],"jetpack_sharing_enabled":true,"_links":{"self":[{"href":"https:\/\/calpallerola.cat\/es\/wp-json\/wp\/v2\/pages\/677","targetHints":{"allow":["GET"]}}],"collection":[{"href":"https:\/\/calpallerola.cat\/es\/wp-json\/wp\/v2\/pages"}],"about":[{"href":"https:\/\/calpallerola.cat\/es\/wp-json\/wp\/v2\/types\/page"}],"author":[{"embeddable":true,"href":"https:\/\/calpallerola.cat\/es\/wp-json\/wp\/v2\/users\/1"}],"replies":[{"embeddable":true,"href":"https:\/\/calpallerola.cat\/es\/wp-json\/wp\/v2\/comments?post=677"}],"version-history":[{"count":4,"href":"https:\/\/calpallerola.cat\/es\/wp-json\/wp\/v2\/pages\/677\/revisions"}],"predecessor-version":[{"id":681,"href":"https:\/\/calpallerola.cat\/es\/wp-json\/wp\/v2\/pages\/677\/revisions\/681"}],"up":[{"embeddable":true,"href":"https:\/\/calpallerola.cat\/es\/wp-json\/wp\/v2\/pages\/647"}],"wp:attachment":[{"href":"https:\/\/calpallerola.cat\/es\/wp-json\/wp\/v2\/media?parent=677"}],"curies":[{"name":"wp","href":"https:\/\/api.w.org\/{rel}","templated":true}]}}