{"id":634,"date":"2014-12-12T18:12:03","date_gmt":"2014-12-12T18:12:03","guid":{"rendered":"https:\/\/calpallerola.cat\/?page_id=634"},"modified":"2020-09-28T15:52:20","modified_gmt":"2020-09-28T13:52:20","slug":"equipament","status":"publish","type":"page","link":"https:\/\/calpallerola.cat\/es\/equipament\/","title":{"rendered":"EQUIPAMENT"},"content":{"rendered":"<div class=\"wpb-content-wrapper\">[vc_row][vc_column width=\u00bb1\/2&#8243;]<div class=\"shortcode-wrapper shortcode-icon-column clearfix\"><div class=\"feature-box standard-icon-box alignleft\"><div class=\"feature-box-content\"><h4 class=\"bold\"><i class=\"hb-moon-home-7 title-icon\"><\/i>La Serra<\/h4><\/div><\/div><\/div>[vc_images_carousel images=\u00bb441,442,443,444,445,446,447,448,449&#8243; img_size=\u00bb558&#215;373&#8243; onclick=\u00bblink_no\u00bb autoplay=\u00bbyes\u00bb wrap=\u00bbyes\u00bb][vc_column_text css=\u00bb.vc_custom_1599736014476{padding-top: 10px !important;padding-right: 10px !important;padding-bottom: 10px !important;padding-left: 10px !important;background-color: #edede8 !important;}\u00bb]Dispone de:<\/p>\n<ul>\n<li>Equipamiento de cocina: frigor\u00edfico, congelador, lavavajillas (pastillas), lavadora (detergente), mesa y plancha, batidora, tostadora, calienta-aguas, horno, microondas y utensilios de cocina.<\/li>\n<li>Sala: TV, DVD con videoteca. Juegos de mesa. Peque\u00f1a biblioteca y revistero. Chimenea (no incluida le\u00f1a), trona beb\u00e9.<\/li>\n<li>Habitaciones: Ajuar de cama y de ba\u00f1o. Mantas en armarios. Una cuna de viaje.<\/li>\n<li>Ba\u00f1o: jab\u00f3n de manso, toallas, secador de cabello (difusor), papel higi\u00e9nico, champ\u00fa, espejo de aumento.<\/li>\n<\/ul>\n[\/vc_column_text][\/vc_column][vc_column width=\u00bb1\/2&#8243;]<div class=\"shortcode-wrapper shortcode-icon-column clearfix\"><div class=\"feature-box standard-icon-box alignleft\"><div class=\"feature-box-content\"><h4 class=\"bold\"><i class=\"hb-moon-home-7 title-icon\"><\/i>La Verneda<\/h4><\/div><\/div><\/div>[vc_images_carousel images=\u00bb460,461,462,463,464,465,466,467,468,469,470,471,472,473&#8243; img_size=\u00bb558&#215;373&#8243; onclick=\u00bblink_no\u00bb autoplay=\u00bbyes\u00bb wrap=\u00bbyes\u00bb][vc_column_text css=\u00bb.vc_custom_1599736023017{padding-top: 10px !important;padding-right: 10px !important;padding-bottom: 10px !important;padding-left: 10px !important;background-color: #edede8 !important;}\u00bb]Dispone de :<\/p>\n<ul>\n<li>Equipamiento de cocina: frigor\u00edfico, congelador, lavavajillas (pastillas), lavadora (detergente), secadora, mesa y plancha, batidora, tostadora, horno, microondas y utensilios de cocina.<\/li>\n<li>Sala: TV, DVD con videoteca. Juegos de mesa. Peque\u00f1a biblioteca y revistero. Chimenea (no incluida le\u00f1a), equipo de m\u00fasica, trona beb\u00e9.<\/li>\n<li>Habitaciones: Ajuar de cama y de ba\u00f1o.Mantas en armarios. Una cuna de viaje.<\/li>\n<li>Ba\u00f1o: jab\u00f3n de manso, toallas, secador de cabello (difusor), papel higi\u00e9nico, champ\u00fa, espejo de aumento.<\/li>\n<\/ul>\n[\/vc_column_text][\/vc_column][\/vc_row][vc_row][vc_column][vc_text_separator title=\u00bbEl Coniller y El paller\u00bb title_align=\u00bbseparator_align_left\u00bb][vc_images_carousel images=\u00bb531,533,534,535,536,537,538,539,540,541,542,543&#8243; img_size=\u00bb200&#8243; slides_per_view=\u00bb6&#8243;][\/vc_column][\/vc_row][vc_row css=\u00bb.vc_custom_1599735374054{margin-bottom: 0px !important;padding-bottom: 0px !important;}\u00bb][vc_column]<div class=\"shortcode-wrapper shortcode-icon-column clearfix\"><div class=\"feature-box standard-icon-box alignleft\"><div class=\"feature-box-content\"><h4 class=\"bold\"><i class=\"icon-glass title-icon\"><\/i>La cocina de verano<\/h4><\/div><\/div><\/div>[vc_images_carousel images=\u00bb976,977,1001,978,1000,979,1013,1012,1011,1010,1009,1008,1007&#8243; img_size=\u00bb300&#8243; slides_per_view=\u00bb5&#8243;][\/vc_column][\/vc_row][vc_row][vc_column width=\u00bb2\/3&#8243;][vc_column_text css=\u00bb.vc_custom_1600418375728{padding-top: 10px !important;padding-right: 10px !important;padding-bottom: 10px !important;padding-left: 10px !important;background-color: #edede8 !important;}\u00bb]El pajar, que anta\u00f1o estaba repleto de paja sobre las vacas que rumiaban, ahora es una amplia cocina de verano con nevera, vajilla, pica y barbacoa, al lado de la mesa catalana para comer al aire libre. Bajando las escaleras nos espera una zona chill-out para aprovechar el sol de invierno, y el fresco en verano.[\/vc_column_text][\/vc_column][vc_column width=\u00bb1\/3&#8243;][vc_single_image image=\u00bb975&#8243; img_size=\u00bb300&#215;200&#8243; alignment=\u00bbcenter\u00bb][\/vc_column][\/vc_row]\n<\/div>","protected":false},"excerpt":{"rendered":"<p>[vc_row][vc_column width=\u00bb1\/2&#8243;][vc_images_carousel images=\u00bb441,442,443,444,445,446,447,448,449&#8243; img_size=\u00bb558&#215;373&#8243; onclick=\u00bblink_no\u00bb autoplay=\u00bbyes\u00bb wrap=\u00bbyes\u00bb][vc_column_text css=\u00bb.vc_custom_1599736014476{padding-top: 10px !important;padding-right: 10px !important;padding-bottom: 10px !important;padding-left: 10px !important;background-color: #edede8 !important;}\u00bb]Dispone de: Equipamiento [&hellip;]<\/p>\n","protected":false},"author":1,"featured_media":0,"parent":0,"menu_order":8,"comment_status":"open","ping_status":"closed","template":"","meta":{"jetpack_post_was_ever_published":false,"footnotes":""},"class_list":["post-634","page","type-page","status-publish","hentry"],"jetpack_sharing_enabled":true,"_links":{"self":[{"href":"https:\/\/calpallerola.cat\/es\/wp-json\/wp\/v2\/pages\/634","targetHints":{"allow":["GET"]}}],"collection":[{"href":"https:\/\/calpallerola.cat\/es\/wp-json\/wp\/v2\/pages"}],"about":[{"href":"https:\/\/calpallerola.cat\/es\/wp-json\/wp\/v2\/types\/page"}],"author":[{"embeddable":true,"href":"https:\/\/calpallerola.cat\/es\/wp-json\/wp\/v2\/users\/1"}],"replies":[{"embeddable":true,"href":"https:\/\/calpallerola.cat\/es\/wp-json\/wp\/v2\/comments?post=634"}],"version-history":[{"count":10,"href":"https:\/\/calpallerola.cat\/es\/wp-json\/wp\/v2\/pages\/634\/revisions"}],"predecessor-version":[{"id":1015,"href":"https:\/\/calpallerola.cat\/es\/wp-json\/wp\/v2\/pages\/634\/revisions\/1015"}],"wp:attachment":[{"href":"https:\/\/calpallerola.cat\/es\/wp-json\/wp\/v2\/media?parent=634"}],"curies":[{"name":"wp","href":"https:\/\/api.w.org\/{rel}","templated":true}]}}