{"id":619,"date":"2014-12-12T18:12:42","date_gmt":"2014-12-12T18:12:42","guid":{"rendered":"https:\/\/calpallerola.cat\/?page_id=619"},"modified":"2024-08-28T16:12:41","modified_gmt":"2024-08-28T14:12:41","slug":"la-verneda","status":"publish","type":"page","link":"https:\/\/calpallerola.cat\/es\/la-verneda\/","title":{"rendered":"CONDICIONES Y PRECIOS"},"content":{"rendered":"<div class=\"wpb-content-wrapper\">[vc_row][vc_column][vc_column_text]\n<div style=\"background: FFFFFF; width: 800px; height: 350px;\"><script src=\"https:\/\/www.escapadarural.com\/widget-js\/59e46b384d072\" type=\"text\/javascript\"><\/script><\/div>\n<div style=\"font-style: normal; font-variant-caps: normal; font-weight: normal; font-size: 14px; line-height: normal; font-family: arial; margin-top: -68px;\"><a style=\"font: normal 10px arial; text-decoration: none; color: 353535;\" title=\"EscapadaRural.com\" href=\"https:\/\/www.escapadarural.com\" target=\"_blank\" rel=\"nofollow noopener noreferrer\">EscapadaRural.com<\/a><\/div>\n[\/vc_column_text][\/vc_column][\/vc_row][vc_row][vc_column width=\u00bb1\/4&#8243;][vc_column_text]<strong>PRECIOS DE LAS ESTANCIAS 2024<\/strong>[\/vc_column_text][\/vc_column][\/vc_row][vc_row][vc_column width=\u00bb1\/3&#8243;][vc_text_separator title=\u00bbTEMPORADA BAJA\u00bb color=\u00bbcustom\u00bb accent_color=\u00bb#1b372e\u00bb][vc_column_text css=\u00bb.vc_custom_1705948167662{padding-top: 5px !important;padding-right: 5px !important;padding-bottom: 5px !important;padding-left: 5px !important;background-color: #1b372e !important;}\u00bb]\n<p style=\"text-align: center;\"><span style=\"color: #ffffff;\"><strong>LA VERNEDA<\/strong><\/span><\/p>\n<p style=\"text-align: center;\"><span style=\"color: #ffffff;\">Fin de semana\u00a0<strong>490 \u20ac<\/strong><\/span><\/p>\n[\/vc_column_text][vc_column_text css=\u00bb.vc_custom_1705948185326{padding-top: 5px !important;padding-right: 5px !important;padding-bottom: 5px !important;padding-left: 5px !important;background-color: #1b372e !important;}\u00bb]\n<p style=\"text-align: center;\"><span style=\"color: #ffffff;\"><strong>LA\u00a0SERRA<\/strong><\/span><\/p>\n<p style=\"text-align: center;\"><span style=\"color: #ffffff;\">Fin de semana\u00a0<strong>300 \u20ac<\/strong><\/span><\/p>\n[\/vc_column_text][vc_column_text css=\u00bb.vc_custom_1705948202983{padding-top: 5px !important;padding-right: 5px !important;padding-bottom: 5px !important;padding-left: 5px !important;background-color: #1b372e !important;}\u00bb]\n<p style=\"text-align: center;\"><span style=\"color: #ffffff;\"><strong>CAL PALLEROLA (13 pax.)<\/strong><\/span><\/p>\n<p style=\"text-align: center;\"><span style=\"color: #ffffff;\">Fin de semana\u00a0<strong>700 \u20ac<\/strong><\/span><\/p>\n[\/vc_column_text][\/vc_column][vc_column width=\u00bb1\/3&#8243;][vc_text_separator title=\u00bbTEMPORADA ALTA\u00bb color=\u00bbcustom\u00bb accent_color=\u00bb#1b372e\u00bb][vc_column_text css=\u00bb.vc_custom_1705948178518{padding-top: 5px !important;padding-right: 5px !important;padding-bottom: 5px !important;padding-left: 5px !important;background-color: #1b372e !important;}\u00bb]\n<p style=\"text-align: center;\"><span style=\"color: #ffffff;\"><strong>LA VERNEDA<\/strong><\/span><\/p>\n<p style=\"text-align: center;\"><span style=\"color: #ffffff;\">Semana\u00a0<strong>1250 \u20ac<\/strong><\/span><\/p>\n[\/vc_column_text][vc_column_text css=\u00bb.vc_custom_1705948195070{padding-top: 5px !important;padding-right: 5px !important;padding-bottom: 5px !important;padding-left: 5px !important;background-color: #1b372e !important;}\u00bb]\n<p style=\"text-align: center;\"><span style=\"color: #ffffff;\"><strong>LA SERRA<\/strong><\/span><\/p>\n<p style=\"text-align: center;\"><span style=\"color: #ffffff;\">Semana\u00a0<strong>920 \u20ac<\/strong><\/span><\/p>\n[\/vc_column_text][vc_column_text css=\u00bb.vc_custom_1705948210631{padding-top: 5px !important;padding-right: 5px !important;padding-bottom: 5px !important;padding-left: 5px !important;background-color: #1b372e !important;}\u00bb]\n<p style=\"text-align: center;\"><span style=\"color: #ffffff;\"><strong>CAL PALLEROLA (13 pax.)<\/strong><\/span><\/p>\n<p style=\"text-align: center;\"><span style=\"color: #ffffff;\">Semana\u00a0<strong>1770 \u20ac<\/strong><\/span><\/p>\n[\/vc_column_text][\/vc_column][vc_column width=\u00bb1\/3&#8243;][vc_single_image image=\u00bb345&#8243; img_size=\u00bb320&#215;305&#8243; alignment=\u00bbcenter\u00bb][\/vc_column][\/vc_row][vc_row][\/vc_row][vc_column width=\u00bb2\/3&#8243;][vc_column_text css=\u00bb\u00bb]\n<address>\u00a0<\/address>\n<address><span style=\"color: #1b372e;\"><strong><i>Tasa\u00a0tur\u00edstica para mayores de 16 a\u00f1os incluida<\/i><\/strong><\/span><\/address>\n<address>\u00a0<\/address>\n<address><span style=\"color: #1b372e;\"><strong><i>Temporada alta<\/i>:<\/strong><\/span> <span style=\"color: #333333;\">De\u00a0Navidad a Reyes, Semana Santa y del 20 de julio al 31 de agosto. Puentes: a consultar.\u00a0<\/span><\/address>\n<p style=\"text-align: justify;\"><span style=\"color: #333333;\"><span style=\"color: #1b372e;\"><strong><i>Temporada baja<\/i>:<\/strong><\/span>\u00a0el resto del a\u00f1o.<\/span><\/p>\n<p style=\"text-align: justify;\"><span style=\"color: #1b372e;\"><strong><em>Precios de la casa completa (de 10 a 14 personas):<\/em><\/strong> <\/span>a consultar.<\/p>\n<p><em><span style=\"color: #1b372e;\"><b><strong>Condiciones <\/strong>de pago<\/b><\/span>:<\/em> se ingresar\u00e1 una paga y se\u00f1al de un 25 a 30% del total para formalizar la reserva, a un n\u00ba de cuenta de una entidad bancaria. El resto se ingresa a la entrada. se entrega una fianza a la entrada, que se devuelve si no hay desperfectos, a la salida.<\/p>\n<p><em><span style=\"color: #1b372e;\"><b><strong>Condiciones de contrataci\u00f3n en caso de anulaci\u00f3n:<\/strong><\/b><\/span><\/em> antes de 20 d\u00edas de la fecha de entrada no procede penalizaci\u00f3n, de 2 a 7 d\u00edas el 20% del precio, de 2 a 7 d\u00edas el 35%, y antes de 2 d\u00edas 50%.<\/p>\n<p>A la entrada se debe mostrar los\u00a0<b><span style=\"color: #1b372e;\">documentos de\u00a0identidad<\/span>\u00a0<\/b>de mayores de 16 a\u00f1os para formalizar el registro de entrada que los alojamientos rurales deben entregar a la administraci\u00f3n<\/p>\n<p style=\"text-align: justify;\">A la entrada se\u00a0<span style=\"color: #1b372e;\"><b>informa<\/b><\/span>\u00a0a los hu\u00e9spedes de la situaci\u00f3n, actividades y lugares de inter\u00e9s del valle.<\/p>\n[\/vc_column_text][\/vc_column][vc_column width=\u00bb1\/3&#8243;][vc_single_image image=\u00bb283&#8243; img_size=\u00bb320&#215;330&#8243; alignment=\u00bbcenter\u00bb][\/vc_column]\n<\/div>","protected":false},"excerpt":{"rendered":"<p>[vc_row][vc_column][vc_column_text] EscapadaRural.com [\/vc_column_text][\/vc_column][\/vc_row][vc_row][vc_column width=\u00bb1\/4&#8243;][vc_column_text]PRECIOS DE LAS ESTANCIAS 2024[\/vc_column_text][\/vc_column][\/vc_row][vc_row][vc_column width=\u00bb1\/3&#8243;][vc_text_separator title=\u00bbTEMPORADA BAJA\u00bb color=\u00bbcustom\u00bb accent_color=\u00bb#1b372e\u00bb][vc_column_text css=\u00bb.vc_custom_1705948167662{padding-top: 5px !important;padding-right: 5px !important;padding-bottom: 5px !important;padding-left: [&hellip;]<\/p>\n","protected":false},"author":1,"featured_media":0,"parent":0,"menu_order":8,"comment_status":"closed","ping_status":"closed","template":"","meta":{"jetpack_post_was_ever_published":false,"footnotes":""},"class_list":["post-619","page","type-page","status-publish","hentry"],"jetpack_sharing_enabled":true,"_links":{"self":[{"href":"https:\/\/calpallerola.cat\/es\/wp-json\/wp\/v2\/pages\/619","targetHints":{"allow":["GET"]}}],"collection":[{"href":"https:\/\/calpallerola.cat\/es\/wp-json\/wp\/v2\/pages"}],"about":[{"href":"https:\/\/calpallerola.cat\/es\/wp-json\/wp\/v2\/types\/page"}],"author":[{"embeddable":true,"href":"https:\/\/calpallerola.cat\/es\/wp-json\/wp\/v2\/users\/1"}],"replies":[{"embeddable":true,"href":"https:\/\/calpallerola.cat\/es\/wp-json\/wp\/v2\/comments?post=619"}],"version-history":[{"count":11,"href":"https:\/\/calpallerola.cat\/es\/wp-json\/wp\/v2\/pages\/619\/revisions"}],"predecessor-version":[{"id":1677,"href":"https:\/\/calpallerola.cat\/es\/wp-json\/wp\/v2\/pages\/619\/revisions\/1677"}],"wp:attachment":[{"href":"https:\/\/calpallerola.cat\/es\/wp-json\/wp\/v2\/media?parent=619"}],"curies":[{"name":"wp","href":"https:\/\/api.w.org\/{rel}","templated":true}]}}