{"id":714,"date":"2014-12-12T18:03:39","date_gmt":"2014-12-12T18:03:39","guid":{"rendered":"https:\/\/calpallerola.cat\/?page_id=714"},"modified":"2022-01-20T19:23:37","modified_gmt":"2022-01-20T18:23:37","slug":"on-som","status":"publish","type":"page","link":"https:\/\/calpallerola.cat\/en\/on-som\/","title":{"rendered":"WHERE ARE WE?"},"content":{"rendered":"<div class=\"wpb-content-wrapper\">[vc_row][vc_column][vc_column_text]\n<blockquote>\n<h4><strong>Cal Pallerola <\/strong>is located in Lavansa Valley, close to the natural park of Cadi-Moixer\u00f3, into the county of l&#8217; Alt Urgell, nearby Andorra.<\/h4>\n<\/blockquote>\n<p style=\"text-align: justify;\">Lavansa is a closed Valley on the southern slopes of the Cad\u00ed range of mountains, where we can get through many passes: Coll de Port (from Solsona), Coll de Josa (from G\u00f3sol), Coll de Creus (from la Seu d&#8217;Urgell) or Coll d&#8217;Arnat (from Organy\u00e0). We&#8217;re between la Seu d&#8217;Urgell and Solsona, in the heart of the Pyrenees: between the Port del Compte range of mountains, the Cad\u00ed and the Montsec de Tost range of mountains.<\/p>\n[\/vc_column_text][\/vc_column][\/vc_row][vc_row][vc_column width=&#8221;1\/2&#8243;][vc_raw_html]JTNDaWZyYW1lJTIwc3JjJTNEJTIyaHR0cHMlM0ElMkYlMkZ3d3cuZ29vZ2xlLmNvbSUyRm1hcHMlMkZlbWJlZCUzRnBiJTNEJTIxMW0xOCUyMTFtMTIlMjExbTMlMjExZDI3NTcuNjY0NDEyNjM4MTU5JTIxMmQxLjQ5NTU1MjYwODY5MTMwOTMlMjEzZDQyLjIzNzQ2MzE4NjI1MDQyJTIxMm0zJTIxMWYwJTIxMmYwJTIxM2YwJTIxM20yJTIxMWkxMDI0JTIxMmk3NjglMjE0ZjEzLjElMjEzbTMlMjExbTIlMjExczB4MTJhNWVhOTc0MTIxM2U4NyUyNTNBMHhlODNmMmRjODFhOTAwZjhhJTIxMnNDYWwlMjUyMFBhbGxlcm9sYSUyMTVlMCUyMTNtMiUyMTFzZXMlMjEyc2VzJTIxNHYxNjQyNzAyNzYyMzg5JTIxNW0yJTIxMXNlcyUyMTJzZXMlMjIlMjB3aWR0aCUzRCUyMjU1MCUyMiUyMGhlaWdodCUzRCUyMjM1MCUyMiUyMHN0eWxlJTNEJTIyYm9yZGVyJTNBMCUzQiUyMiUyMGFsbG93ZnVsbHNjcmVlbiUzRCUyMiUyMiUyMGxvYWRpbmclM0QlMjJsYXp5JTIyJTNFJTNDJTJGaWZyYW1lJTNF[\/vc_raw_html][\/vc_column][vc_column width=&#8221;1\/2&#8243;]<div class=\"shortcode-wrapper shortcode-icon-column clearfix\"><div class=\"feature-box standard-icon-box alignleft\"><div class=\"feature-box-content\"><h4 class=\"bold\"><i class=\"icon-circle-arrow-right title-icon\"><\/i>How do we get there?<\/h4><\/div><\/div><\/div>[vc_column_text css=&#8221;.vc_custom_1419341056283{padding-top: 10px !important;padding-right: 10px !important;padding-bottom: 10px !important;padding-left: 10px !important;background-color: #edede8 !important;}&#8221;]\n<address><em><strong>From Barcelona:<\/strong> <\/em>Manresa, Berga, Saldes, G\u00f3sol, Josa del Cad\u00ed, Tuixent and Lavansa (Montergull). Also from Solsona: N-II direction Lleida, take Ponts-Andorra exit, Biosca, Solsona, Port del Compte, Tuixent and Lavansa.<\/address>\n<address style=\"text-align: justify;\"><strong><em>From Lleida:<\/em><\/strong> T\u00e0rrega, Guissona, Biosca, Solsona, Port del Compte, Tuixent and Lavansa (Montergull).<\/address>\n<address style=\"text-align: justify;\"><strong><em>From Andorra:<\/em><\/strong> la Seu d&#8217;Urgell, Cerc, Adrahent, Sorribes de Lavansa, Montergull.<\/address>\n<address style=\"text-align: justify;\">\u00a0<\/address>\n<address style=\"text-align: justify;\"><strong><em>Distances:<\/em><\/strong><\/address>\n<address style=\"text-align: justify;\">From El Prat Airport: 180 km.<\/address>\n<address style=\"text-align: justify;\">From Barcelona: 168 km.<\/address>\n<address style=\"text-align: justify;\">From Lleida: 144 km.<\/address>\n<address style=\"text-align: justify;\">From Andorra: 42 km<\/address>\n[\/vc_column_text][\/vc_column][\/vc_row]\n<\/div>","protected":false},"excerpt":{"rendered":"<p>[vc_row][vc_column][vc_column_text] Cal Pallerola is located in Lavansa Valley, close to the natural park of Cadi-Moixer\u00f3, into the county of l&#8217; [&hellip;]<\/p>\n","protected":false},"author":1,"featured_media":0,"parent":0,"menu_order":3,"comment_status":"open","ping_status":"closed","template":"","meta":{"jetpack_post_was_ever_published":false,"footnotes":""},"class_list":["post-714","page","type-page","status-publish","hentry"],"jetpack_sharing_enabled":true,"_links":{"self":[{"href":"https:\/\/calpallerola.cat\/en\/wp-json\/wp\/v2\/pages\/714","targetHints":{"allow":["GET"]}}],"collection":[{"href":"https:\/\/calpallerola.cat\/en\/wp-json\/wp\/v2\/pages"}],"about":[{"href":"https:\/\/calpallerola.cat\/en\/wp-json\/wp\/v2\/types\/page"}],"author":[{"embeddable":true,"href":"https:\/\/calpallerola.cat\/en\/wp-json\/wp\/v2\/users\/1"}],"replies":[{"embeddable":true,"href":"https:\/\/calpallerola.cat\/en\/wp-json\/wp\/v2\/comments?post=714"}],"version-history":[{"count":6,"href":"https:\/\/calpallerola.cat\/en\/wp-json\/wp\/v2\/pages\/714\/revisions"}],"predecessor-version":[{"id":1039,"href":"https:\/\/calpallerola.cat\/en\/wp-json\/wp\/v2\/pages\/714\/revisions\/1039"}],"wp:attachment":[{"href":"https:\/\/calpallerola.cat\/en\/wp-json\/wp\/v2\/media?parent=714"}],"curies":[{"name":"wp","href":"https:\/\/api.w.org\/{rel}","templated":true}]}}